{"id":17967,"date":"2023-03-22T21:28:21","date_gmt":"2023-03-23T00:28:21","guid":{"rendered":"http:\/\/pedroejulia.com.br\/?post_type=product&#038;p=17967"},"modified":"2023-10-18T21:01:23","modified_gmt":"2023-10-19T00:01:23","slug":"conector-macho-de-bronze","status":"publish","type":"product","link":"http:\/\/pedroejulia.com.br\/?product=conector-macho-de-bronze","title":{"rendered":"Conector Macho de Bronze"},"content":{"rendered":"<h2><b>Fun\u00e7\u00e3o<\/b><\/h2>\n<p><span style=\"color: #000000; font-family: Calibri; font-size: medium;\">Unir um tubo de solda a um tubo (ou conex\u00e3o) de rosca.<\/span><\/p>\n<h2><b>Unidades de Medidas<\/b><\/h2>\n<p><span style=\"color: #000000; font-family: Calibri; font-size: medium;\">15MM X 1\/2&#8243; ,<span class=\"Apple-converted-space\">\u00a0 <\/span>22MM X 1\/2&#8243; , 22MM X 3\/4&#8243; ,<span class=\"Apple-converted-space\">\u00a0 <\/span>28MM X 1&#8243; , 35MM X 1.1\/4&#8243; , 42MM X 1 1\/2&#8243; , 54MM X 2&#8243; , 54MM X 2.1\/2&#8243; , 66MM X 2.1\/2&#8243; , 79MM X 3&#8243; , 104MM X 4&#8243;<\/span><\/p>\n","protected":false},"excerpt":{"rendered":"<p>Fun\u00e7\u00e3o Unir um tubo de solda a um tubo (ou conex\u00e3o) de rosca. Unidades de Medidas 15MM X 1\/2&#8243; ,\u00a0 22MM X 1\/2&#8243; , 22MM X 3\/4&#8243; ,\u00a0 28MM X 1&#8243; , 35MM X 1.1\/4&#8243; , 42MM X 1 1\/2&#8243; , 54MM X 2&#8243; , 54MM X 2.1\/2&#8243; , 66MM X 2.1\/2&#8243; , 79MM X [&hellip;]<\/p>\n","protected":false},"featured_media":17968,"comment_status":"open","ping_status":"closed","template":"","meta":[],"class_list":{"0":"post-17967","1":"product","2":"type-product","3":"status-publish","4":"has-post-thumbnail","6":"product_cat-conexoes","7":"product_cat-conexoes-incendio","8":"product_cat-rosca","9":"product_cat-rosca-conexoes-incendio","10":"product_cat-incendio","11":"product_cat-gas","13":"first","14":"instock","15":"shipping-taxable","16":"product-type-simple"},"_links":{"self":[{"href":"http:\/\/pedroejulia.com.br\/index.php?rest_route=\/wp\/v2\/product\/17967","targetHints":{"allow":["GET"]}}],"collection":[{"href":"http:\/\/pedroejulia.com.br\/index.php?rest_route=\/wp\/v2\/product"}],"about":[{"href":"http:\/\/pedroejulia.com.br\/index.php?rest_route=\/wp\/v2\/types\/product"}],"replies":[{"embeddable":true,"href":"http:\/\/pedroejulia.com.br\/index.php?rest_route=%2Fwp%2Fv2%2Fcomments&post=17967"}],"wp:featuredmedia":[{"embeddable":true,"href":"http:\/\/pedroejulia.com.br\/index.php?rest_route=\/wp\/v2\/media\/17968"}],"wp:attachment":[{"href":"http:\/\/pedroejulia.com.br\/index.php?rest_route=%2Fwp%2Fv2%2Fmedia&parent=17967"}],"curies":[{"name":"wp","href":"https:\/\/api.w.org\/{rel}","templated":true}]}}