{"id":17973,"date":"2023-03-22T21:36:49","date_gmt":"2023-03-23T00:36:49","guid":{"rendered":"http:\/\/pedroejulia.com.br\/?post_type=product&#038;p=17973"},"modified":"2023-10-18T20:59:01","modified_gmt":"2023-10-18T23:59:01","slug":"uniao-de-bronze-rosca-npt","status":"publish","type":"product","link":"http:\/\/pedroejulia.com.br\/?product=uniao-de-bronze-rosca-npt","title":{"rendered":"Uni\u00e3o de Bronze Rosca NPT"},"content":{"rendered":"<h2><b>Fun\u00e7\u00e3o<\/b><\/h2>\n<p><span style=\"color: #000000; font-family: Calibri; font-size: medium;\">Unir tubos com facilidade.<\/span><\/p>\n<h2><b>Unidades de Medidas<\/b><\/h2>\n<p><span style=\"color: #000000; font-family: Calibri; font-size: medium;\"> 15MM X 1\/2&#8243; , 22MM X 3\/4&#8243; , 28MM X 1&#8243;<\/span><\/p>\n","protected":false},"excerpt":{"rendered":"<p>Fun\u00e7\u00e3o Unir tubos com facilidade. Unidades de Medidas 15MM X 1\/2&#8243; , 22MM X 3\/4&#8243; , 28MM X 1&#8243;<\/p>\n","protected":false},"featured_media":17974,"comment_status":"open","ping_status":"closed","template":"","meta":[],"class_list":{"0":"post-17973","1":"product","2":"type-product","3":"status-publish","4":"has-post-thumbnail","6":"product_cat-conexoes-incendio","7":"product_cat-conexoes","8":"product_cat-rosca","9":"product_cat-rosca-conexoes-incendio","10":"product_cat-incendio","11":"product_cat-gas","13":"first","14":"instock","15":"shipping-taxable","16":"product-type-simple"},"_links":{"self":[{"href":"http:\/\/pedroejulia.com.br\/index.php?rest_route=\/wp\/v2\/product\/17973","targetHints":{"allow":["GET"]}}],"collection":[{"href":"http:\/\/pedroejulia.com.br\/index.php?rest_route=\/wp\/v2\/product"}],"about":[{"href":"http:\/\/pedroejulia.com.br\/index.php?rest_route=\/wp\/v2\/types\/product"}],"replies":[{"embeddable":true,"href":"http:\/\/pedroejulia.com.br\/index.php?rest_route=%2Fwp%2Fv2%2Fcomments&post=17973"}],"wp:featuredmedia":[{"embeddable":true,"href":"http:\/\/pedroejulia.com.br\/index.php?rest_route=\/wp\/v2\/media\/17974"}],"wp:attachment":[{"href":"http:\/\/pedroejulia.com.br\/index.php?rest_route=%2Fwp%2Fv2%2Fmedia&parent=17973"}],"curies":[{"name":"wp","href":"https:\/\/api.w.org\/{rel}","templated":true}]}}