{"id":17977,"date":"2023-03-22T21:45:07","date_gmt":"2023-03-23T00:45:07","guid":{"rendered":"http:\/\/pedroejulia.com.br\/?post_type=product&#038;p=17977"},"modified":"2023-11-01T15:58:28","modified_gmt":"2023-11-01T18:58:28","slug":"valvula-borboleta-wafer","status":"publish","type":"product","link":"http:\/\/pedroejulia.com.br\/?product=valvula-borboleta-wafer","title":{"rendered":"V\u00e1lvula Borboleta Wafer"},"content":{"rendered":"<h2><b>Fun\u00e7\u00e3o<\/b><\/h2>\n<p><span style=\"color: #000000; font-family: Calibri; font-size: medium;\">Isola a veda\u00e7\u00e3o contra fluxo de flu\u00eddos<\/span><\/p>\n<h2><b>Unidades de Medidas<\/b><\/h2>\n<p><span style=\"color: #000000; font-family: Calibri; font-size: medium;\">2 , 2 X 1\/5 , 3, 4, 6, 8<\/span><\/p>\n","protected":false},"excerpt":{"rendered":"<p>Fun\u00e7\u00e3o Isola a veda\u00e7\u00e3o contra fluxo de flu\u00eddos Unidades de Medidas 2 , 2 X 1\/5 , 3, 4, 6, 8<\/p>\n","protected":false},"featured_media":17978,"comment_status":"open","ping_status":"closed","template":"","meta":[],"class_list":{"0":"post-17977","1":"product","2":"type-product","3":"status-publish","4":"has-post-thumbnail","6":"product_cat-valvulas","7":"product_cat-valvulas-incendio","8":"product_cat-incendio","9":"product_cat-gas","11":"first","12":"instock","13":"shipping-taxable","14":"product-type-simple"},"_links":{"self":[{"href":"http:\/\/pedroejulia.com.br\/index.php?rest_route=\/wp\/v2\/product\/17977","targetHints":{"allow":["GET"]}}],"collection":[{"href":"http:\/\/pedroejulia.com.br\/index.php?rest_route=\/wp\/v2\/product"}],"about":[{"href":"http:\/\/pedroejulia.com.br\/index.php?rest_route=\/wp\/v2\/types\/product"}],"replies":[{"embeddable":true,"href":"http:\/\/pedroejulia.com.br\/index.php?rest_route=%2Fwp%2Fv2%2Fcomments&post=17977"}],"wp:featuredmedia":[{"embeddable":true,"href":"http:\/\/pedroejulia.com.br\/index.php?rest_route=\/wp\/v2\/media\/17978"}],"wp:attachment":[{"href":"http:\/\/pedroejulia.com.br\/index.php?rest_route=%2Fwp%2Fv2%2Fmedia&parent=17977"}],"curies":[{"name":"wp","href":"https:\/\/api.w.org\/{rel}","templated":true}]}}