{"id":17994,"date":"2023-03-22T22:05:39","date_gmt":"2023-03-23T01:05:39","guid":{"rendered":"http:\/\/pedroejulia.com.br\/?post_type=product&#038;p=17994"},"modified":"2025-04-04T17:57:40","modified_gmt":"2025-04-04T20:57:40","slug":"solda-chumbo-x-estanho","status":"publish","type":"product","link":"http:\/\/pedroejulia.com.br\/?product=solda-chumbo-x-estanho","title":{"rendered":"Solda Chumbo x Estanho"},"content":{"rendered":"<h2><b>Fun\u00e7\u00e3o<\/b><\/h2>\n<p><span style=\"color: #000000; font-family: Calibri; font-size: medium;\">Usada para soldar tubos e conex\u00f5es.<\/span><\/p>\n<p>&nbsp;<\/p>\n","protected":false},"excerpt":{"rendered":"<p>Fun\u00e7\u00e3o Usada para soldar tubos e conex\u00f5es. &nbsp;<\/p>\n","protected":false},"featured_media":17995,"comment_status":"open","ping_status":"closed","template":"","meta":[],"class_list":{"0":"post-17994","1":"product","2":"type-product","3":"status-publish","4":"has-post-thumbnail","6":"product_cat-acessorios","8":"first","9":"instock","10":"shipping-taxable","11":"product-type-simple"},"_links":{"self":[{"href":"http:\/\/pedroejulia.com.br\/index.php?rest_route=\/wp\/v2\/product\/17994","targetHints":{"allow":["GET"]}}],"collection":[{"href":"http:\/\/pedroejulia.com.br\/index.php?rest_route=\/wp\/v2\/product"}],"about":[{"href":"http:\/\/pedroejulia.com.br\/index.php?rest_route=\/wp\/v2\/types\/product"}],"replies":[{"embeddable":true,"href":"http:\/\/pedroejulia.com.br\/index.php?rest_route=%2Fwp%2Fv2%2Fcomments&post=17994"}],"wp:featuredmedia":[{"embeddable":true,"href":"http:\/\/pedroejulia.com.br\/index.php?rest_route=\/wp\/v2\/media\/17995"}],"wp:attachment":[{"href":"http:\/\/pedroejulia.com.br\/index.php?rest_route=%2Fwp%2Fv2%2Fmedia&parent=17994"}],"curies":[{"name":"wp","href":"https:\/\/api.w.org\/{rel}","templated":true}]}}