{"id":18000,"date":"2023-03-22T22:09:48","date_gmt":"2023-03-23T01:09:48","guid":{"rendered":"http:\/\/pedroejulia.com.br\/?post_type=product&#038;p=18000"},"modified":"2025-09-07T19:45:18","modified_gmt":"2025-09-07T22:45:18","slug":"zarcao","status":"publish","type":"product","link":"http:\/\/pedroejulia.com.br\/?product=zarcao","title":{"rendered":"Zarc\u00e3o"},"content":{"rendered":"<h2><b>Fun\u00e7\u00e3o<\/b><\/h2>\n<p><span style=\"color: #000000; font-family: Calibri; font-size: medium;\">Fundo sint\u00e9tico anticorrosivo. Temos cinza e vermelho.<\/span><\/p>\n<p>&nbsp;<\/p>\n","protected":false},"excerpt":{"rendered":"<p>Fun\u00e7\u00e3o Fundo sint\u00e9tico anticorrosivo. Temos cinza e vermelho. &nbsp;<\/p>\n","protected":false},"featured_media":18001,"comment_status":"open","ping_status":"closed","template":"","meta":[],"class_list":{"0":"post-18000","1":"product","2":"type-product","3":"status-publish","4":"has-post-thumbnail","6":"product_cat-acessorios","8":"first","9":"instock","10":"shipping-taxable","11":"product-type-simple"},"_links":{"self":[{"href":"http:\/\/pedroejulia.com.br\/index.php?rest_route=\/wp\/v2\/product\/18000","targetHints":{"allow":["GET"]}}],"collection":[{"href":"http:\/\/pedroejulia.com.br\/index.php?rest_route=\/wp\/v2\/product"}],"about":[{"href":"http:\/\/pedroejulia.com.br\/index.php?rest_route=\/wp\/v2\/types\/product"}],"replies":[{"embeddable":true,"href":"http:\/\/pedroejulia.com.br\/index.php?rest_route=%2Fwp%2Fv2%2Fcomments&post=18000"}],"wp:featuredmedia":[{"embeddable":true,"href":"http:\/\/pedroejulia.com.br\/index.php?rest_route=\/wp\/v2\/media\/18001"}],"wp:attachment":[{"href":"http:\/\/pedroejulia.com.br\/index.php?rest_route=%2Fwp%2Fv2%2Fmedia&parent=18000"}],"curies":[{"name":"wp","href":"https:\/\/api.w.org\/{rel}","templated":true}]}}