{"id":18002,"date":"2023-03-22T22:11:20","date_gmt":"2023-03-23T01:11:20","guid":{"rendered":"http:\/\/pedroejulia.com.br\/?post_type=product&#038;p=18002"},"modified":"2023-10-18T20:30:08","modified_gmt":"2023-10-18T23:30:08","slug":"aguarras","status":"publish","type":"product","link":"http:\/\/pedroejulia.com.br\/?product=aguarras","title":{"rendered":"\u00c1guarras"},"content":{"rendered":"<h2><b>Fun\u00e7\u00e3o<\/b><\/h2>\n<p><span style=\"color: #000000; font-family: Calibri; font-size: medium;\">Dilui a tinta sem afetar sua qualidade<\/span><\/p>\n<p>&nbsp;<\/p>\n","protected":false},"excerpt":{"rendered":"<p>Fun\u00e7\u00e3o Dilui a tinta sem afetar sua qualidade &nbsp;<\/p>\n","protected":false},"featured_media":18003,"comment_status":"open","ping_status":"closed","template":"","meta":[],"class_list":{"0":"post-18002","1":"product","2":"type-product","3":"status-publish","4":"has-post-thumbnail","6":"product_cat-acessorios","8":"first","9":"instock","10":"shipping-taxable","11":"product-type-simple"},"_links":{"self":[{"href":"http:\/\/pedroejulia.com.br\/index.php?rest_route=\/wp\/v2\/product\/18002","targetHints":{"allow":["GET"]}}],"collection":[{"href":"http:\/\/pedroejulia.com.br\/index.php?rest_route=\/wp\/v2\/product"}],"about":[{"href":"http:\/\/pedroejulia.com.br\/index.php?rest_route=\/wp\/v2\/types\/product"}],"replies":[{"embeddable":true,"href":"http:\/\/pedroejulia.com.br\/index.php?rest_route=%2Fwp%2Fv2%2Fcomments&post=18002"}],"wp:featuredmedia":[{"embeddable":true,"href":"http:\/\/pedroejulia.com.br\/index.php?rest_route=\/wp\/v2\/media\/18003"}],"wp:attachment":[{"href":"http:\/\/pedroejulia.com.br\/index.php?rest_route=%2Fwp%2Fv2%2Fmedia&parent=18002"}],"curies":[{"name":"wp","href":"https:\/\/api.w.org\/{rel}","templated":true}]}}