{"id":18022,"date":"2023-03-22T22:35:39","date_gmt":"2023-03-23T01:35:39","guid":{"rendered":"http:\/\/pedroejulia.com.br\/?post_type=product&#038;p=18022"},"modified":"2026-04-16T11:12:28","modified_gmt":"2026-04-16T14:12:28","slug":"disco-de-desbate","status":"publish","type":"product","link":"http:\/\/pedroejulia.com.br\/?product=disco-de-desbate","title":{"rendered":"Disco de Desbate"},"content":{"rendered":"<h2><b>Fun\u00e7\u00e3o<\/b><\/h2>\n<p>Combater poss\u00edvel princ\u00edpio de inc\u00eandio<\/p>\n<h2><b>Unidades de Medidas<\/b><\/h2>\n<p>141\u00b0, 68\u00b0, 68\u00b0C, 79\u00b0, 93\u00b0<\/p>\n","protected":false},"excerpt":{"rendered":"<p>Fun\u00e7\u00e3o Combater poss\u00edvel princ\u00edpio de inc\u00eandio Unidades de Medidas 141\u00b0, 68\u00b0, 68\u00b0C, 79\u00b0, 93\u00b0<\/p>\n","protected":false},"featured_media":18023,"comment_status":"open","ping_status":"closed","template":"","meta":[],"class_list":{"0":"post-18022","1":"product","2":"type-product","3":"status-publish","4":"has-post-thumbnail","6":"product_cat-acessorios","8":"first","9":"instock","10":"shipping-taxable","11":"product-type-simple"},"_links":{"self":[{"href":"http:\/\/pedroejulia.com.br\/index.php?rest_route=\/wp\/v2\/product\/18022","targetHints":{"allow":["GET"]}}],"collection":[{"href":"http:\/\/pedroejulia.com.br\/index.php?rest_route=\/wp\/v2\/product"}],"about":[{"href":"http:\/\/pedroejulia.com.br\/index.php?rest_route=\/wp\/v2\/types\/product"}],"replies":[{"embeddable":true,"href":"http:\/\/pedroejulia.com.br\/index.php?rest_route=%2Fwp%2Fv2%2Fcomments&post=18022"}],"wp:featuredmedia":[{"embeddable":true,"href":"http:\/\/pedroejulia.com.br\/index.php?rest_route=\/wp\/v2\/media\/18023"}],"wp:attachment":[{"href":"http:\/\/pedroejulia.com.br\/index.php?rest_route=%2Fwp%2Fv2%2Fmedia&parent=18022"}],"curies":[{"name":"wp","href":"https:\/\/api.w.org\/{rel}","templated":true}]}}