{"id":18027,"date":"2023-03-22T22:41:34","date_gmt":"2023-03-23T01:41:34","guid":{"rendered":"http:\/\/pedroejulia.com.br\/?post_type=product&#038;p=18027"},"modified":"2025-02-12T05:32:38","modified_gmt":"2025-02-12T08:32:38","slug":"oleo-de-rosqueadeira","status":"publish","type":"product","link":"http:\/\/pedroejulia.com.br\/?product=oleo-de-rosqueadeira","title":{"rendered":"\u00d3leo de Rosqueadeira"},"content":{"rendered":"<h2><b>Fun\u00e7\u00e3o<\/b><\/h2>\n<p><span style=\"color: #000000; font-family: Calibri; font-size: medium;\">Ol\u00e9o lumbrificante para rosqueadeira<\/span><\/p>\n<h2><b>Unidades de Medidas<\/b><\/h2>\n<p><span style=\"color: #000000; font-family: Calibri; font-size: medium;\">5L<\/span><\/p>\n","protected":false},"excerpt":{"rendered":"<p>Fun\u00e7\u00e3o Ol\u00e9o lumbrificante para rosqueadeira Unidades de Medidas 5L<\/p>\n","protected":false},"featured_media":18028,"comment_status":"open","ping_status":"closed","template":"","meta":[],"class_list":{"0":"post-18027","1":"product","2":"type-product","3":"status-publish","4":"has-post-thumbnail","6":"product_cat-acessorios","8":"first","9":"instock","10":"shipping-taxable","11":"product-type-simple"},"_links":{"self":[{"href":"http:\/\/pedroejulia.com.br\/index.php?rest_route=\/wp\/v2\/product\/18027","targetHints":{"allow":["GET"]}}],"collection":[{"href":"http:\/\/pedroejulia.com.br\/index.php?rest_route=\/wp\/v2\/product"}],"about":[{"href":"http:\/\/pedroejulia.com.br\/index.php?rest_route=\/wp\/v2\/types\/product"}],"replies":[{"embeddable":true,"href":"http:\/\/pedroejulia.com.br\/index.php?rest_route=%2Fwp%2Fv2%2Fcomments&post=18027"}],"wp:featuredmedia":[{"embeddable":true,"href":"http:\/\/pedroejulia.com.br\/index.php?rest_route=\/wp\/v2\/media\/18028"}],"wp:attachment":[{"href":"http:\/\/pedroejulia.com.br\/index.php?rest_route=%2Fwp%2Fv2%2Fmedia&parent=18027"}],"curies":[{"name":"wp","href":"https:\/\/api.w.org\/{rel}","templated":true}]}}