{"id":18069,"date":"2023-03-22T23:25:07","date_gmt":"2023-03-23T02:25:07","guid":{"rendered":"http:\/\/pedroejulia.com.br\/?post_type=product&#038;p=18069"},"modified":"2025-11-08T16:18:48","modified_gmt":"2025-11-08T19:18:48","slug":"uniao-de-metal","status":"publish","type":"product","link":"http:\/\/pedroejulia.com.br\/?product=uniao-de-metal","title":{"rendered":"Uni\u00e3o de Metal"},"content":{"rendered":"<h2><b>Fun\u00e7\u00e3o<\/b><\/h2>\n<p><span style=\"color: #000000; font-family: Calibri; font-size: medium;\">Impedem que tubos galvanizados sejam corro\u00eddos<\/span><\/p>\n<h2><b>Unidades de Medidas<\/b><\/h2>\n<p><span style=\"color: #000000; font-family: Calibri; font-size: medium;\">1\/2&#8221;, 3\/4&#8221;, 1&#8221;, 1&#215;1\/4&#8221;, 1&#215;1\/2&#8221;, 2&#8221;<\/span><\/p>\n","protected":false},"excerpt":{"rendered":"<p>Fun\u00e7\u00e3o Impedem que tubos galvanizados sejam corro\u00eddos Unidades de Medidas 1\/2&#8221;, 3\/4&#8221;, 1&#8221;, 1&#215;1\/4&#8221;, 1&#215;1\/2&#8221;, 2&#8221;<\/p>\n","protected":false},"featured_media":18070,"comment_status":"open","ping_status":"closed","template":"","meta":[],"class_list":{"0":"post-18069","1":"product","2":"type-product","3":"status-publish","4":"has-post-thumbnail","6":"product_cat-conexoes-incendio","7":"product_cat-conexoes","8":"product_cat-rosca","9":"product_cat-rosca-conexoes-incendio","10":"product_cat-incendio","11":"product_cat-gas","13":"first","14":"instock","15":"shipping-taxable","16":"product-type-simple"},"_links":{"self":[{"href":"http:\/\/pedroejulia.com.br\/index.php?rest_route=\/wp\/v2\/product\/18069","targetHints":{"allow":["GET"]}}],"collection":[{"href":"http:\/\/pedroejulia.com.br\/index.php?rest_route=\/wp\/v2\/product"}],"about":[{"href":"http:\/\/pedroejulia.com.br\/index.php?rest_route=\/wp\/v2\/types\/product"}],"replies":[{"embeddable":true,"href":"http:\/\/pedroejulia.com.br\/index.php?rest_route=%2Fwp%2Fv2%2Fcomments&post=18069"}],"wp:featuredmedia":[{"embeddable":true,"href":"http:\/\/pedroejulia.com.br\/index.php?rest_route=\/wp\/v2\/media\/18070"}],"wp:attachment":[{"href":"http:\/\/pedroejulia.com.br\/index.php?rest_route=%2Fwp%2Fv2%2Fmedia&parent=18069"}],"curies":[{"name":"wp","href":"https:\/\/api.w.org\/{rel}","templated":true}]}}