{"id":18071,"date":"2023-03-22T23:26:08","date_gmt":"2023-03-23T02:26:08","guid":{"rendered":"http:\/\/pedroejulia.com.br\/?post_type=product&#038;p=18071"},"modified":"2025-09-09T12:05:15","modified_gmt":"2025-09-09T15:05:15","slug":"joelho-de-reducao-de-metal","status":"publish","type":"product","link":"http:\/\/pedroejulia.com.br\/?product=joelho-de-reducao-de-metal","title":{"rendered":"Joelho de Redu\u00e7\u00e3o de Metal"},"content":{"rendered":"<h2><b>Fun\u00e7\u00e3o<\/b><\/h2>\n<p><span style=\"color: #000000; font-family: Calibri; font-size: medium;\">Faz com que tubos fa\u00e7am curvas\/mudem de dire\u00e7\u00e3o.<\/span><\/p>\n<h2><b>Unidades de Medidas<\/b><\/h2>\n<p><span style=\"color: #000000; font-family: Calibri; font-size: medium;\">3\/4&#8221;x 1\/2&#8221;<\/span><\/p>\n","protected":false},"excerpt":{"rendered":"<p>Fun\u00e7\u00e3o Faz com que tubos fa\u00e7am curvas\/mudem de dire\u00e7\u00e3o. Unidades de Medidas 3\/4&#8221;x 1\/2&#8221;<\/p>\n","protected":false},"featured_media":18072,"comment_status":"open","ping_status":"closed","template":"","meta":[],"class_list":{"0":"post-18071","1":"product","2":"type-product","3":"status-publish","4":"has-post-thumbnail","6":"product_cat-conexoes-incendio","7":"product_cat-conexoes","8":"product_cat-rosca","9":"product_cat-rosca-conexoes-incendio","10":"product_cat-incendio","11":"product_cat-gas","13":"first","14":"instock","15":"shipping-taxable","16":"product-type-simple"},"_links":{"self":[{"href":"http:\/\/pedroejulia.com.br\/index.php?rest_route=\/wp\/v2\/product\/18071","targetHints":{"allow":["GET"]}}],"collection":[{"href":"http:\/\/pedroejulia.com.br\/index.php?rest_route=\/wp\/v2\/product"}],"about":[{"href":"http:\/\/pedroejulia.com.br\/index.php?rest_route=\/wp\/v2\/types\/product"}],"replies":[{"embeddable":true,"href":"http:\/\/pedroejulia.com.br\/index.php?rest_route=%2Fwp%2Fv2%2Fcomments&post=18071"}],"wp:featuredmedia":[{"embeddable":true,"href":"http:\/\/pedroejulia.com.br\/index.php?rest_route=\/wp\/v2\/media\/18072"}],"wp:attachment":[{"href":"http:\/\/pedroejulia.com.br\/index.php?rest_route=%2Fwp%2Fv2%2Fmedia&parent=18071"}],"curies":[{"name":"wp","href":"https:\/\/api.w.org\/{rel}","templated":true}]}}