{"id":18081,"date":"2023-03-22T23:33:12","date_gmt":"2023-03-23T02:33:12","guid":{"rendered":"http:\/\/pedroejulia.com.br\/?post_type=product&#038;p=18081"},"modified":"2023-10-18T19:59:55","modified_gmt":"2023-10-18T22:59:55","slug":"adaptador-storz","status":"publish","type":"product","link":"http:\/\/pedroejulia.com.br\/?product=adaptador-storz","title":{"rendered":"Adaptador Storz"},"content":{"rendered":"<h2><b>Fun\u00e7\u00e3o<\/b><\/h2>\n<p><span style=\"color: #000000; font-family: Calibri; font-size: medium;\">Adequar v\u00e1lvulas em mangueiras de inc\u00eandio<\/span><\/p>\n<h2><b>Unidades de Medidas<\/b><\/h2>\n<p><span style=\"color: #000000; font-family: Calibri; font-size: medium;\">2.1\/2 X 2.1\/2&#8243; 2.1\/2 X 1.1\/2&#8243;<\/span><\/p>\n","protected":false},"excerpt":{"rendered":"<p>Fun\u00e7\u00e3o Adequar v\u00e1lvulas em mangueiras de inc\u00eandio Unidades de Medidas 2.1\/2 X 2.1\/2&#8243; 2.1\/2 X 1.1\/2&#8243;<\/p>\n","protected":false},"featured_media":18082,"comment_status":"open","ping_status":"closed","template":"","meta":[],"class_list":{"0":"post-18081","1":"product","2":"type-product","3":"status-publish","4":"has-post-thumbnail","6":"product_cat-sistemas-de-hidrantes","7":"product_cat-incendio","9":"first","10":"instock","11":"shipping-taxable","12":"product-type-simple"},"_links":{"self":[{"href":"http:\/\/pedroejulia.com.br\/index.php?rest_route=\/wp\/v2\/product\/18081","targetHints":{"allow":["GET"]}}],"collection":[{"href":"http:\/\/pedroejulia.com.br\/index.php?rest_route=\/wp\/v2\/product"}],"about":[{"href":"http:\/\/pedroejulia.com.br\/index.php?rest_route=\/wp\/v2\/types\/product"}],"replies":[{"embeddable":true,"href":"http:\/\/pedroejulia.com.br\/index.php?rest_route=%2Fwp%2Fv2%2Fcomments&post=18081"}],"wp:featuredmedia":[{"embeddable":true,"href":"http:\/\/pedroejulia.com.br\/index.php?rest_route=\/wp\/v2\/media\/18082"}],"wp:attachment":[{"href":"http:\/\/pedroejulia.com.br\/index.php?rest_route=%2Fwp%2Fv2%2Fmedia&parent=18081"}],"curies":[{"name":"wp","href":"https:\/\/api.w.org\/{rel}","templated":true}]}}