{"id":18083,"date":"2023-03-22T23:34:53","date_gmt":"2023-03-23T02:34:53","guid":{"rendered":"http:\/\/pedroejulia.com.br\/?post_type=product&#038;p=18083"},"modified":"2023-10-18T19:59:42","modified_gmt":"2023-10-18T22:59:42","slug":"mangueira-tipo-ii","status":"publish","type":"product","link":"http:\/\/pedroejulia.com.br\/?product=mangueira-tipo-ii","title":{"rendered":"Mangueira Tipo II"},"content":{"rendered":"<h2><b>Fun\u00e7\u00e3o<\/b><\/h2>\n<p><span style=\"color: #000000; font-family: Calibri; font-size: medium;\">Mangueira de inc\u00eandio mais utilizada em instala\u00e7\u00f5es industriais.<\/span><\/p>\n<h2><b>Unidades de Medidas<\/b><\/h2>\n<p><span style=\"color: #000000; font-family: Calibri; font-size: medium;\">2.1\/2&#8221; , 1.1\/2&#8221;<\/span><\/p>\n","protected":false},"excerpt":{"rendered":"<p>Fun\u00e7\u00e3o Mangueira de inc\u00eandio mais utilizada em instala\u00e7\u00f5es industriais. Unidades de Medidas 2.1\/2&#8221; , 1.1\/2&#8221;<\/p>\n","protected":false},"featured_media":18084,"comment_status":"open","ping_status":"closed","template":"","meta":[],"class_list":{"0":"post-18083","1":"product","2":"type-product","3":"status-publish","4":"has-post-thumbnail","6":"product_cat-sistemas-de-hidrantes","7":"product_cat-incendio","9":"first","10":"instock","11":"shipping-taxable","12":"product-type-simple"},"_links":{"self":[{"href":"http:\/\/pedroejulia.com.br\/index.php?rest_route=\/wp\/v2\/product\/18083","targetHints":{"allow":["GET"]}}],"collection":[{"href":"http:\/\/pedroejulia.com.br\/index.php?rest_route=\/wp\/v2\/product"}],"about":[{"href":"http:\/\/pedroejulia.com.br\/index.php?rest_route=\/wp\/v2\/types\/product"}],"replies":[{"embeddable":true,"href":"http:\/\/pedroejulia.com.br\/index.php?rest_route=%2Fwp%2Fv2%2Fcomments&post=18083"}],"wp:featuredmedia":[{"embeddable":true,"href":"http:\/\/pedroejulia.com.br\/index.php?rest_route=\/wp\/v2\/media\/18084"}],"wp:attachment":[{"href":"http:\/\/pedroejulia.com.br\/index.php?rest_route=%2Fwp%2Fv2%2Fmedia&parent=18083"}],"curies":[{"name":"wp","href":"https:\/\/api.w.org\/{rel}","templated":true}]}}