{"id":18096,"date":"2023-03-22T23:43:49","date_gmt":"2023-03-23T02:43:49","guid":{"rendered":"http:\/\/pedroejulia.com.br\/?post_type=product&#038;p=18096"},"modified":"2023-10-18T17:34:44","modified_gmt":"2023-10-18T20:34:44","slug":"tubo-multicamada-100mts-2","status":"publish","type":"product","link":"http:\/\/pedroejulia.com.br\/?product=tubo-multicamada-100mts-2","title":{"rendered":"Tubo Multicamada &#8211; 100mts"},"content":{"rendered":"<h2><b>Fun\u00e7\u00e3o<\/b><\/h2>\n<p><span style=\"color: #000000; font-family: Calibri; font-size: medium;\">Em qualquer rede de distribui\u00e7\u00e3o de gases combust\u00edveis (GN e GLP) o\u00a0tubo multicamada para g\u00e1s\u00a0\u00e9 a op\u00e7\u00e3o mais indicada para aplica\u00e7\u00e3o. Isso, pois, al\u00e9m de sua facilidade de aplica\u00e7\u00e3o, ainda \u00e9 o tipo de tubula\u00e7\u00e3o mais resistente para suportar a press\u00e3o das redes de gases combust\u00edveis.<\/span><\/p>\n<h2><b>Unidades de Medidas<\/b><\/h2>\n<p><span style=\"color: #000000; font-family: Calibri; font-size: medium;\">16MM , 20MM<\/span><\/p>\n","protected":false},"excerpt":{"rendered":"<p>Fun\u00e7\u00e3o Em qualquer rede de distribui\u00e7\u00e3o de gases combust\u00edveis (GN e GLP) o\u00a0tubo multicamada para g\u00e1s\u00a0\u00e9 a op\u00e7\u00e3o mais indicada para aplica\u00e7\u00e3o. Isso, pois, al\u00e9m de sua facilidade de aplica\u00e7\u00e3o, ainda \u00e9 o tipo de tubula\u00e7\u00e3o mais resistente para suportar a press\u00e3o das redes de gases combust\u00edveis. Unidades de Medidas 16MM , 20MM<\/p>\n","protected":false},"featured_media":18097,"comment_status":"open","ping_status":"closed","template":"","meta":[],"class_list":{"0":"post-18096","1":"product","2":"type-product","3":"status-publish","4":"has-post-thumbnail","6":"product_cat-pex-multicamada","8":"first","9":"instock","10":"shipping-taxable","11":"product-type-simple"},"_links":{"self":[{"href":"http:\/\/pedroejulia.com.br\/index.php?rest_route=\/wp\/v2\/product\/18096","targetHints":{"allow":["GET"]}}],"collection":[{"href":"http:\/\/pedroejulia.com.br\/index.php?rest_route=\/wp\/v2\/product"}],"about":[{"href":"http:\/\/pedroejulia.com.br\/index.php?rest_route=\/wp\/v2\/types\/product"}],"replies":[{"embeddable":true,"href":"http:\/\/pedroejulia.com.br\/index.php?rest_route=%2Fwp%2Fv2%2Fcomments&post=18096"}],"wp:featuredmedia":[{"embeddable":true,"href":"http:\/\/pedroejulia.com.br\/index.php?rest_route=\/wp\/v2\/media\/18097"}],"wp:attachment":[{"href":"http:\/\/pedroejulia.com.br\/index.php?rest_route=%2Fwp%2Fv2%2Fmedia&parent=18096"}],"curies":[{"name":"wp","href":"https:\/\/api.w.org\/{rel}","templated":true}]}}