{"id":18101,"date":"2023-03-22T23:47:26","date_gmt":"2023-03-23T02:47:26","guid":{"rendered":"http:\/\/pedroejulia.com.br\/?post_type=product&#038;p=18101"},"modified":"2023-10-18T17:33:30","modified_gmt":"2023-10-18T20:33:30","slug":"concetor-femea-para-pex","status":"publish","type":"product","link":"http:\/\/pedroejulia.com.br\/?product=concetor-femea-para-pex","title":{"rendered":"Concetor F\u00eamea para PEX"},"content":{"rendered":"<h2><b>Fun\u00e7\u00e3o<\/b><\/h2>\n<p><span style=\"color: #000000; font-family: Calibri; font-size: medium;\">Unir tubos PEX atrav\u00e9s de rosca f\u00eamea<\/span><\/p>\n<h2><b>Unidades de Medidas<\/b><\/h2>\n<p><span style=\"color: #000000; font-family: Calibri; font-size: medium;\">20 X 1\/2&#8243;<\/span><\/p>\n","protected":false},"excerpt":{"rendered":"<p>Fun\u00e7\u00e3o Unir tubos PEX atrav\u00e9s de rosca f\u00eamea Unidades de Medidas 20 X 1\/2&#8243;<\/p>\n","protected":false},"featured_media":18102,"comment_status":"open","ping_status":"closed","template":"","meta":[],"class_list":{"0":"post-18101","1":"product","2":"type-product","3":"status-publish","4":"has-post-thumbnail","6":"product_cat-pex-multicamada","8":"first","9":"instock","10":"shipping-taxable","11":"product-type-simple"},"_links":{"self":[{"href":"http:\/\/pedroejulia.com.br\/index.php?rest_route=\/wp\/v2\/product\/18101","targetHints":{"allow":["GET"]}}],"collection":[{"href":"http:\/\/pedroejulia.com.br\/index.php?rest_route=\/wp\/v2\/product"}],"about":[{"href":"http:\/\/pedroejulia.com.br\/index.php?rest_route=\/wp\/v2\/types\/product"}],"replies":[{"embeddable":true,"href":"http:\/\/pedroejulia.com.br\/index.php?rest_route=%2Fwp%2Fv2%2Fcomments&post=18101"}],"wp:featuredmedia":[{"embeddable":true,"href":"http:\/\/pedroejulia.com.br\/index.php?rest_route=\/wp\/v2\/media\/18102"}],"wp:attachment":[{"href":"http:\/\/pedroejulia.com.br\/index.php?rest_route=%2Fwp%2Fv2%2Fmedia&parent=18101"}],"curies":[{"name":"wp","href":"https:\/\/api.w.org\/{rel}","templated":true}]}}