{"id":18105,"date":"2023-03-22T23:50:16","date_gmt":"2023-03-23T02:50:16","guid":{"rendered":"http:\/\/pedroejulia.com.br\/?post_type=product&#038;p=18105"},"modified":"2023-10-18T17:29:41","modified_gmt":"2023-10-18T20:29:41","slug":"tubo-aquatherm-3-metros","status":"publish","type":"product","link":"http:\/\/pedroejulia.com.br\/?product=tubo-aquatherm-3-metros","title":{"rendered":"Tubo Aquatherm 3 METROS"},"content":{"rendered":"<h2><b>Fun\u00e7\u00e3o<\/b><\/h2>\n<p>Combater poss\u00edvel princ\u00edpio de inc\u00eandio<\/p>\n<h2><b>Unidades de Medidas<\/b><\/h2>\n<p>141\u00b0, 68\u00b0, 68\u00b0C, 79\u00b0, 93\u00b0<\/p>\n","protected":false},"excerpt":{"rendered":"<p>Fun\u00e7\u00e3o Combater poss\u00edvel princ\u00edpio de inc\u00eandio Unidades de Medidas 141\u00b0, 68\u00b0, 68\u00b0C, 79\u00b0, 93\u00b0<\/p>\n","protected":false},"featured_media":18106,"comment_status":"open","ping_status":"closed","template":"","meta":[],"class_list":{"0":"post-18105","1":"product","2":"type-product","3":"status-publish","4":"has-post-thumbnail","6":"product_cat-acquaterm-cpvc","8":"first","9":"instock","10":"shipping-taxable","11":"product-type-simple"},"_links":{"self":[{"href":"http:\/\/pedroejulia.com.br\/index.php?rest_route=\/wp\/v2\/product\/18105","targetHints":{"allow":["GET"]}}],"collection":[{"href":"http:\/\/pedroejulia.com.br\/index.php?rest_route=\/wp\/v2\/product"}],"about":[{"href":"http:\/\/pedroejulia.com.br\/index.php?rest_route=\/wp\/v2\/types\/product"}],"replies":[{"embeddable":true,"href":"http:\/\/pedroejulia.com.br\/index.php?rest_route=%2Fwp%2Fv2%2Fcomments&post=18105"}],"wp:featuredmedia":[{"embeddable":true,"href":"http:\/\/pedroejulia.com.br\/index.php?rest_route=\/wp\/v2\/media\/18106"}],"wp:attachment":[{"href":"http:\/\/pedroejulia.com.br\/index.php?rest_route=%2Fwp%2Fv2%2Fmedia&parent=18105"}],"curies":[{"name":"wp","href":"https:\/\/api.w.org\/{rel}","templated":true}]}}