{"id":18111,"date":"2023-03-22T23:54:14","date_gmt":"2023-03-23T02:54:14","guid":{"rendered":"http:\/\/pedroejulia.com.br\/?post_type=product&#038;p=18111"},"modified":"2025-11-08T16:16:18","modified_gmt":"2025-11-08T19:16:18","slug":"joelho-45-graus-cpvc","status":"publish","type":"product","link":"http:\/\/pedroejulia.com.br\/?product=joelho-45-graus-cpvc","title":{"rendered":"Joelho 45 Graus CPVC"},"content":{"rendered":"<h2><b>Fun\u00e7\u00e3o<\/b><\/h2>\n<p><span style=\"color: #000000; font-family: Calibri; font-size: medium;\">Unir tubula\u00e7\u00f5es CPVC em 45 graus<\/span><\/p>\n<h2><b>Unidades de Medidas<\/b><\/h2>\n<p><span style=\"color: #000000; font-family: Calibri; font-size: medium;\">22, 15MM<\/span><\/p>\n","protected":false},"excerpt":{"rendered":"<p>Fun\u00e7\u00e3o Unir tubula\u00e7\u00f5es CPVC em 45 graus Unidades de Medidas 22, 15MM<\/p>\n","protected":false},"featured_media":18112,"comment_status":"open","ping_status":"closed","template":"","meta":[],"class_list":{"0":"post-18111","1":"product","2":"type-product","3":"status-publish","4":"has-post-thumbnail","6":"product_cat-acquaterm-cpvc","8":"first","9":"instock","10":"shipping-taxable","11":"product-type-simple"},"_links":{"self":[{"href":"http:\/\/pedroejulia.com.br\/index.php?rest_route=\/wp\/v2\/product\/18111","targetHints":{"allow":["GET"]}}],"collection":[{"href":"http:\/\/pedroejulia.com.br\/index.php?rest_route=\/wp\/v2\/product"}],"about":[{"href":"http:\/\/pedroejulia.com.br\/index.php?rest_route=\/wp\/v2\/types\/product"}],"replies":[{"embeddable":true,"href":"http:\/\/pedroejulia.com.br\/index.php?rest_route=%2Fwp%2Fv2%2Fcomments&post=18111"}],"wp:featuredmedia":[{"embeddable":true,"href":"http:\/\/pedroejulia.com.br\/index.php?rest_route=\/wp\/v2\/media\/18112"}],"wp:attachment":[{"href":"http:\/\/pedroejulia.com.br\/index.php?rest_route=%2Fwp%2Fv2%2Fmedia&parent=18111"}],"curies":[{"name":"wp","href":"https:\/\/api.w.org\/{rel}","templated":true}]}}