{"id":18127,"date":"2023-03-23T00:05:31","date_gmt":"2023-03-23T03:05:31","guid":{"rendered":"http:\/\/pedroejulia.com.br\/?post_type=product&#038;p=18127"},"modified":"2026-03-22T03:00:31","modified_gmt":"2026-03-22T06:00:31","slug":"linha-grooved","status":"publish","type":"product","link":"http:\/\/pedroejulia.com.br\/?product=linha-grooved","title":{"rendered":"Linha Grooved"},"content":{"rendered":"<h2><b>Fun\u00e7\u00e3o<\/b><\/h2>\n<p><span style=\"color: #000000; font-family: Calibri; font-size: medium;\">Sistema vers\u00e1til e econ\u00f4mino com conex\u00f4es ranhuradas<\/span><\/p>\n","protected":false},"excerpt":{"rendered":"<p>Fun\u00e7\u00e3o Sistema vers\u00e1til e econ\u00f4mino com conex\u00f4es ranhuradas<\/p>\n","protected":false},"featured_media":18128,"comment_status":"open","ping_status":"closed","template":"","meta":[],"class_list":{"0":"post-18127","1":"product","2":"type-product","3":"status-publish","4":"has-post-thumbnail","6":"product_cat-conexoes-ranhura-grooved","7":"product_cat-ranhura-grooved","9":"first","10":"instock","11":"shipping-taxable","12":"product-type-simple"},"_links":{"self":[{"href":"http:\/\/pedroejulia.com.br\/index.php?rest_route=\/wp\/v2\/product\/18127","targetHints":{"allow":["GET"]}}],"collection":[{"href":"http:\/\/pedroejulia.com.br\/index.php?rest_route=\/wp\/v2\/product"}],"about":[{"href":"http:\/\/pedroejulia.com.br\/index.php?rest_route=\/wp\/v2\/types\/product"}],"replies":[{"embeddable":true,"href":"http:\/\/pedroejulia.com.br\/index.php?rest_route=%2Fwp%2Fv2%2Fcomments&post=18127"}],"wp:featuredmedia":[{"embeddable":true,"href":"http:\/\/pedroejulia.com.br\/index.php?rest_route=\/wp\/v2\/media\/18128"}],"wp:attachment":[{"href":"http:\/\/pedroejulia.com.br\/index.php?rest_route=%2Fwp%2Fv2%2Fmedia&parent=18127"}],"curies":[{"name":"wp","href":"https:\/\/api.w.org\/{rel}","templated":true}]}}